{"id":178,"date":"2022-09-05T19:42:05","date_gmt":"2022-09-05T19:42:05","guid":{"rendered":"https:\/\/joanafranco.test\/jornadas-de-aprendizado-transformativo\/"},"modified":"2025-02-06T13:51:13","modified_gmt":"2025-02-06T13:51:13","slug":"meu-trabalho","status":"publish","type":"page","link":"https:\/\/joanafranco.com\/pt-br\/meu-trabalho\/","title":{"rendered":"Experi\u00eancias de Aprendizado Regenerativo"},"content":{"rendered":"\n<p>Eu desenho e facilito experi\u00eancias de aprendizado regenerativo com o objetivo de guiar voc\u00ea a experimentar reconex\u00e3o com a sua verdadeira ess\u00eancia, integrar todas as suas intelig\u00eancias inatas e florescer em seu maior potencial.<\/p>\n\n<p>O convite do meu trabalho \u00e9 que voc\u00ea perceba o tesouro de quem voc\u00ea \u00e9 e deixe florescer seu ser mais aut\u00eantico. Eu te ajudo a se acolher plenamente, cultivando uma consci\u00eancia curiosa e gentil para curar velhos padr\u00f5es condicionados e desenvolver sua capacidade de clareza e escolha consciente. Consequentemente, voc\u00ea se alinha com o que \u00e9 mais verdadeiro e significativo para voc\u00ea.<\/p>\n\n<p>Eu te ensino maneiras de sintonizar e integrar todas as intelig\u00eancias humanas \u2013 som\u00e1tico-intuitiva, cognitivo-criativa, s\u00f3cio-emocional \u2013 para dar suporte \u00e0 sua autonomia de escrever a pr\u00f3pria hist\u00f3ria e se permitir brilhar de dentro.<\/p>\n\n<p>Minha caixa de ferramentas de tecnologias de consci\u00eancia para apoiar sua jornada inclui mindfulness (aten\u00e7\u00e3o plena), medita\u00e7\u00e3o interativa, medita\u00e7\u00e3o din\u00e2mica, al\u00e9m de yoga, respira\u00e7\u00e3o som\u00e1tica (breathwork), design humano qu\u00e2ntico, investiga\u00e7\u00e3o reflexiva e muitas outras pr\u00e1ticas contemplativas.<\/p>\n\n<p>Meu objetivo \u00e9 construir um espa\u00e7o seguro e l\u00fadico para voc\u00ea viver experi\u00eancias de aprendizado regenerativo que te (in)formem e permitam que todo o seu potencial flores\u00e7a. \u00c9 acolhendo a sua totalidade e autenticidade de um lugar de aceita\u00e7\u00e3o e confian\u00e7a que seu processo de tomada de decis\u00e3o se torna cada vez mais consciente e empoderado.<\/p>\n\n<p>Minha paix\u00e3o \u00e9 ajudar voc\u00ea a se lembrar da sua natureza mais aut\u00eantica e se realinhar com seu amor interno de cura e seu fogo criativo interior.<\/p>\n\n<div class=\"wp-block-buttons is-content-justification-center is-layout-flex wp-container-core-buttons-is-layout-16018d1d wp-block-buttons-is-layout-flex\">\n<div class=\"wp-block-button\"><a class=\"wp-block-button__link wp-element-button\" href=\"https:\/\/calendly.com\/joanafranco-br\/consulta\" target=\"_blank\" rel=\"noreferrer noopener\">Agende agora uma sess\u00e3o inicial gratuita<\/a><\/div>\n<\/div>\n","protected":false},"excerpt":{"rendered":"<p>Eu desenho e facilito experi\u00eancias de aprendizado regenerativo com o objetivo de guiar voc\u00ea a experimentar reconex\u00e3o com a sua verdadeira ess\u00eancia, integrar todas as suas intelig\u00eancias inatas e florescer em seu maior potencial. O convite do meu trabalho \u00e9 que voc\u00ea perceba o tesouro de quem voc\u00ea \u00e9 e deixe florescer seu ser mais [&hellip;]<\/p>\n","protected":false},"author":2,"featured_media":0,"parent":0,"menu_order":0,"comment_status":"closed","ping_status":"closed","template":"","meta":{"_acf_changed":false,"footnotes":""},"class_list":["post-178","page","type-page","status-publish","hentry"],"acf":[],"yoast_head":"<!-- This site is optimized with the Yoast SEO plugin v27.4 - https:\/\/yoast.com\/product\/yoast-seo-wordpress\/ -->\n<title>Experi\u00eancias de Aprendizado Regenerativo - Joana Franco<\/title>\n<meta name=\"description\" content=\"Eu desenho e facilito jornadas de aprendizado transformativo com o objetivo de guiar voc\u00ea a experimentar reconex\u00e3o com a sua verdadeira ess\u00eancia, integrar todas as suas intelig\u00eancias inatas e florescer em seu maior potencial.\" \/>\n<meta name=\"robots\" content=\"index, follow, max-snippet:-1, max-image-preview:large, max-video-preview:-1\" \/>\n<link rel=\"canonical\" href=\"https:\/\/joanafranco.com\/pt-br\/meu-trabalho\/\" \/>\n<meta property=\"og:locale\" content=\"pt_BR\" \/>\n<meta property=\"og:type\" content=\"article\" \/>\n<meta property=\"og:title\" content=\"Experi\u00eancias de Aprendizado Regenerativo - Joana Franco\" \/>\n<meta property=\"og:description\" content=\"Eu desenho e facilito jornadas de aprendizado transformativo com o objetivo de guiar voc\u00ea a experimentar reconex\u00e3o com a sua verdadeira ess\u00eancia, integrar todas as suas intelig\u00eancias inatas e florescer em seu maior potencial.\" \/>\n<meta property=\"og:url\" content=\"https:\/\/joanafranco.com\/pt-br\/meu-trabalho\/\" \/>\n<meta property=\"og:site_name\" content=\"Joana Franco\" \/>\n<meta property=\"article:modified_time\" content=\"2025-02-06T13:51:13+00:00\" \/>\n<meta name=\"twitter:card\" content=\"summary_large_image\" \/>\n<meta name=\"twitter:label1\" content=\"Est. tempo de leitura\" \/>\n\t<meta name=\"twitter:data1\" content=\"2 minutos\" \/>\n<script type=\"application\/ld+json\" class=\"yoast-schema-graph\">{\"@context\":\"https:\\\/\\\/schema.org\",\"@graph\":[{\"@type\":\"WebPage\",\"@id\":\"https:\\\/\\\/joanafranco.com\\\/pt-br\\\/meu-trabalho\\\/\",\"url\":\"https:\\\/\\\/joanafranco.com\\\/pt-br\\\/meu-trabalho\\\/\",\"name\":\"Experi\u00eancias de Aprendizado Regenerativo - Joana Franco\",\"isPartOf\":{\"@id\":\"https:\\\/\\\/joanafranco.online\\\/#website\"},\"datePublished\":\"2022-09-05T19:42:05+00:00\",\"dateModified\":\"2025-02-06T13:51:13+00:00\",\"description\":\"Eu desenho e facilito jornadas de aprendizado transformativo com o objetivo de guiar voc\u00ea a experimentar reconex\u00e3o com a sua verdadeira ess\u00eancia, integrar todas as suas intelig\u00eancias inatas e florescer em seu maior potencial.\",\"breadcrumb\":{\"@id\":\"https:\\\/\\\/joanafranco.com\\\/pt-br\\\/meu-trabalho\\\/#breadcrumb\"},\"inLanguage\":\"pt-BR\",\"potentialAction\":[{\"@type\":\"ReadAction\",\"target\":[\"https:\\\/\\\/joanafranco.com\\\/pt-br\\\/meu-trabalho\\\/\"]}]},{\"@type\":\"BreadcrumbList\",\"@id\":\"https:\\\/\\\/joanafranco.com\\\/pt-br\\\/meu-trabalho\\\/#breadcrumb\",\"itemListElement\":[{\"@type\":\"ListItem\",\"position\":1,\"name\":\"Home\",\"item\":\"https:\\\/\\\/joanafranco.online\\\/\"},{\"@type\":\"ListItem\",\"position\":2,\"name\":\"Experi\u00eancias de Aprendizado Regenerativo\"}]},{\"@type\":\"WebSite\",\"@id\":\"https:\\\/\\\/joanafranco.online\\\/#website\",\"url\":\"https:\\\/\\\/joanafranco.online\\\/\",\"name\":\"Joana Franco\",\"description\":\"Aprendizado Transformativo\",\"publisher\":{\"@id\":\"https:\\\/\\\/joanafranco.online\\\/#\\\/schema\\\/person\\\/ac4a46ccc8a96e4910393418f135ce1d\"},\"potentialAction\":[{\"@type\":\"SearchAction\",\"target\":{\"@type\":\"EntryPoint\",\"urlTemplate\":\"https:\\\/\\\/joanafranco.online\\\/?s={search_term_string}\"},\"query-input\":{\"@type\":\"PropertyValueSpecification\",\"valueRequired\":true,\"valueName\":\"search_term_string\"}}],\"inLanguage\":\"pt-BR\"},{\"@type\":[\"Person\",\"Organization\"],\"@id\":\"https:\\\/\\\/joanafranco.online\\\/#\\\/schema\\\/person\\\/ac4a46ccc8a96e4910393418f135ce1d\",\"name\":\"Joana Franco\",\"image\":{\"@type\":\"ImageObject\",\"inLanguage\":\"pt-BR\",\"@id\":\"https:\\\/\\\/joanafranco.com\\\/wp-content\\\/uploads\\\/2022\\\/10\\\/joana_franco_ogimage.png\",\"url\":\"https:\\\/\\\/joanafranco.com\\\/wp-content\\\/uploads\\\/2022\\\/10\\\/joana_franco_ogimage.png\",\"contentUrl\":\"https:\\\/\\\/joanafranco.com\\\/wp-content\\\/uploads\\\/2022\\\/10\\\/joana_franco_ogimage.png\",\"width\":600,\"height\":315,\"caption\":\"Joana Franco\"},\"logo\":{\"@id\":\"https:\\\/\\\/joanafranco.com\\\/wp-content\\\/uploads\\\/2022\\\/10\\\/joana_franco_ogimage.png\"}}]}<\/script>\n<!-- \/ Yoast SEO plugin. -->","yoast_head_json":{"title":"Experi\u00eancias de Aprendizado Regenerativo - Joana Franco","description":"Eu desenho e facilito jornadas de aprendizado transformativo com o objetivo de guiar voc\u00ea a experimentar reconex\u00e3o com a sua verdadeira ess\u00eancia, integrar todas as suas intelig\u00eancias inatas e florescer em seu maior potencial.","robots":{"index":"index","follow":"follow","max-snippet":"max-snippet:-1","max-image-preview":"max-image-preview:large","max-video-preview":"max-video-preview:-1"},"canonical":"https:\/\/joanafranco.com\/pt-br\/meu-trabalho\/","og_locale":"pt_BR","og_type":"article","og_title":"Experi\u00eancias de Aprendizado Regenerativo - Joana Franco","og_description":"Eu desenho e facilito jornadas de aprendizado transformativo com o objetivo de guiar voc\u00ea a experimentar reconex\u00e3o com a sua verdadeira ess\u00eancia, integrar todas as suas intelig\u00eancias inatas e florescer em seu maior potencial.","og_url":"https:\/\/joanafranco.com\/pt-br\/meu-trabalho\/","og_site_name":"Joana Franco","article_modified_time":"2025-02-06T13:51:13+00:00","twitter_card":"summary_large_image","twitter_misc":{"Est. tempo de leitura":"2 minutos"},"schema":{"@context":"https:\/\/schema.org","@graph":[{"@type":"WebPage","@id":"https:\/\/joanafranco.com\/pt-br\/meu-trabalho\/","url":"https:\/\/joanafranco.com\/pt-br\/meu-trabalho\/","name":"Experi\u00eancias de Aprendizado Regenerativo - Joana Franco","isPartOf":{"@id":"https:\/\/joanafranco.online\/#website"},"datePublished":"2022-09-05T19:42:05+00:00","dateModified":"2025-02-06T13:51:13+00:00","description":"Eu desenho e facilito jornadas de aprendizado transformativo com o objetivo de guiar voc\u00ea a experimentar reconex\u00e3o com a sua verdadeira ess\u00eancia, integrar todas as suas intelig\u00eancias inatas e florescer em seu maior potencial.","breadcrumb":{"@id":"https:\/\/joanafranco.com\/pt-br\/meu-trabalho\/#breadcrumb"},"inLanguage":"pt-BR","potentialAction":[{"@type":"ReadAction","target":["https:\/\/joanafranco.com\/pt-br\/meu-trabalho\/"]}]},{"@type":"BreadcrumbList","@id":"https:\/\/joanafranco.com\/pt-br\/meu-trabalho\/#breadcrumb","itemListElement":[{"@type":"ListItem","position":1,"name":"Home","item":"https:\/\/joanafranco.online\/"},{"@type":"ListItem","position":2,"name":"Experi\u00eancias de Aprendizado Regenerativo"}]},{"@type":"WebSite","@id":"https:\/\/joanafranco.online\/#website","url":"https:\/\/joanafranco.online\/","name":"Joana Franco","description":"Aprendizado Transformativo","publisher":{"@id":"https:\/\/joanafranco.online\/#\/schema\/person\/ac4a46ccc8a96e4910393418f135ce1d"},"potentialAction":[{"@type":"SearchAction","target":{"@type":"EntryPoint","urlTemplate":"https:\/\/joanafranco.online\/?s={search_term_string}"},"query-input":{"@type":"PropertyValueSpecification","valueRequired":true,"valueName":"search_term_string"}}],"inLanguage":"pt-BR"},{"@type":["Person","Organization"],"@id":"https:\/\/joanafranco.online\/#\/schema\/person\/ac4a46ccc8a96e4910393418f135ce1d","name":"Joana Franco","image":{"@type":"ImageObject","inLanguage":"pt-BR","@id":"https:\/\/joanafranco.com\/wp-content\/uploads\/2022\/10\/joana_franco_ogimage.png","url":"https:\/\/joanafranco.com\/wp-content\/uploads\/2022\/10\/joana_franco_ogimage.png","contentUrl":"https:\/\/joanafranco.com\/wp-content\/uploads\/2022\/10\/joana_franco_ogimage.png","width":600,"height":315,"caption":"Joana Franco"},"logo":{"@id":"https:\/\/joanafranco.com\/wp-content\/uploads\/2022\/10\/joana_franco_ogimage.png"}}]}},"_links":{"self":[{"href":"https:\/\/joanafranco.com\/pt-br\/wp-json\/wp\/v2\/pages\/178","targetHints":{"allow":["GET"]}}],"collection":[{"href":"https:\/\/joanafranco.com\/pt-br\/wp-json\/wp\/v2\/pages"}],"about":[{"href":"https:\/\/joanafranco.com\/pt-br\/wp-json\/wp\/v2\/types\/page"}],"author":[{"embeddable":true,"href":"https:\/\/joanafranco.com\/pt-br\/wp-json\/wp\/v2\/users\/2"}],"replies":[{"embeddable":true,"href":"https:\/\/joanafranco.com\/pt-br\/wp-json\/wp\/v2\/comments?post=178"}],"version-history":[{"count":16,"href":"https:\/\/joanafranco.com\/pt-br\/wp-json\/wp\/v2\/pages\/178\/revisions"}],"predecessor-version":[{"id":2359,"href":"https:\/\/joanafranco.com\/pt-br\/wp-json\/wp\/v2\/pages\/178\/revisions\/2359"}],"wp:attachment":[{"href":"https:\/\/joanafranco.com\/pt-br\/wp-json\/wp\/v2\/media?parent=178"}],"curies":[{"name":"wp","href":"https:\/\/api.w.org\/{rel}","templated":true}]}}